{"id":1022,"date":"2020-02-04T08:35:52","date_gmt":"2020-02-04T08:35:52","guid":{"rendered":"https:\/\/ursusbreweries.test\/termeni-si-conditii\/"},"modified":"2020-11-11T14:08:13","modified_gmt":"2020-11-11T14:08:13","slug":"termeni-si-conditii","status":"publish","type":"page","link":"https:\/\/ursus-breweries.ro\/en\/termeni-si-conditii\/","title":{"rendered":"Termeni \u0219i condi\u021bii"},"content":{"rendered":"\n<p><strong>GENERALE DE UTILIZARE A ACESTUI WEBSITE<\/strong><\/p>\n\n\n\n<p>Bine a\u021bi venit pe website-ul oficial al Ursus Breweries, subsidiar\u0103 a Asahi Europe &amp; International. Acest website este proprietatea Ursus Breweries S.A, companie \u00eenregistrat\u0103 \u00een Rom\u00e2nia (num\u0103r de \u00eenregistrare la Registrul Comer\u021bului J40\/20456\/2005), cu sediul social \u00een Bucure\u0219ti, \u0218oseaua Pipera, 43, sector 2.<\/p>\n\n\n\n<p>Con\u021binutul publicat al acestui website este proprietatea (\u00a9) a Ursus Breweries \u0219i\/sau a Asahi Europe &amp; International, grupul din care face parte societatea. Ursus Breweries \u00ee\u0219i rezerv\u0103, de asemenea, \u0219i dreptul asociat bazei de date a acestui website. Toate drepturile sunt rezervate.<\/p>\n\n\n\n<p>Toate referirile la &#8220;Ursus Breweries&#8221;, &#8220;a\/al\/ai\/ ale noastre&#8221;, &#8220;pe noi&#8221; sau &#8220;noi&#8221; sunt referiri la Ursus Breweries \u0219i opera\u021biunile sale.<\/p>\n\n\n\n<p><\/p>\n\n\n\n<p><strong>V\u00e2rsta minim\u0103<\/strong><\/p>\n\n\n\n<p>Utilizarea acestui website este restric\u021bionat\u0103 persoanelor sub 18 ani, v\u00e2rst\u0103 minim\u0103 legal\u0103 pentru cump\u0103rarea de b\u0103uturi alcoolice \u00een Rom\u00e2nia.&nbsp; \u00cenainte de a accesa acest website, vi se va cere s\u0103 va confirma\u021bi v\u00e2rst\u0103.<\/p>\n\n\n\n<p><strong>Riscuri<\/strong><\/p>\n\n\n\n<p>Accesarea web-site-ului de c\u0103tre un utilizator se face pe propria s\u0103 r\u0103spundere. INFORMA\u0162IILE CON\u0162INUTE PE ACEST WEB-SITE V\u0102 SUNT OFERITE \u201cC\u0102 ATARE\u201d, DOAR PENTRU SCOPURILE DUMNEAVOASTR\u0102 DE INFORMARE, F\u0102R\u0102 A OFERI VREO GARAN\u0162IE DE ORICE FEL. Aceste informa\u0163ii pot con\u0163ine erori dactilografice, iar informa\u0163iile vor fi modificate, reactualizate \u015fi \u015fterse f\u0103r\u0103 \u00een\u015ftiin\u0163are prealabil\u0103. Ursus Breweries S.A. \u00ee\u0219i rezerv\u0103 dreptul de a aduce \u00een orice moment modific\u0103ri con\u021binutului web-site-ului. Desc\u0103rcarea programelor se va face pe risc propriu. Utilizatorul este r\u0103spunz\u0103tor pentru asigurarea confiden\u021bialit\u0103\u021bii datelor introduse pe web-site, dac\u0103 este cazul.<\/p>\n\n\n\n<p>Proprietarul acestui site nu r\u0103spunde pentru viru\u0219ii care afecteaz\u0103 sistemul utilizatorului c\u0103 urmare a acces\u0103rii materialelor audio, video, a datelor sau textelor de pe site.<\/p>\n\n\n\n<p><strong>Linkuri<\/strong><\/p>\n\n\n\n<p>Ursus Breweries nu ofer\u0103 nici o descriere \u015fi nici o garan\u0163ie de orice fel referitoare la orice alt web-site pe care pute\u0163i alege s\u0103 \u00eel accesa\u0163i prin prezentul web-site. Leg\u0103turile (link-urile) oferite de Ursus Breweries c\u0103tre astfel de websiteuri sunt oferite doar pentru confortul dumneavoastr\u0103 \u015fi nu trebuie considerate a sugera c\u0103 se aprob\u0103 con\u021binutul acelor websiteuri de c\u0103tre Ursus Breweries. Va rug\u0103m s\u0103 verifica\u021bi sec\u021biunile referitoare la condi\u021biile legale \u0219i politic\u0103 de confiden\u021bialitate ale web-site-urilor apar\u021b\u00een\u00e2nd proprietarului actualului web-site sau al unei ter\u021be p\u0103r\u021bi c\u0103tre care face trimitere prezentul web-site.<\/p>\n\n\n\n<p><strong>Limitarea responsabilit\u0103\u021bii<\/strong><\/p>\n\n\n\n<p>Toate informa\u021biile existente pe prezentul web-site au rol pur informativ \u0219i nu au scopul de a oferi consultan\u021b\u0103 sau sfaturi \u00eentr-un anumit domeniu. Proprietarul acestui site \u00ee\u0219i declin\u0103 orice responsabilitate fa\u021b\u0103 de orice persoan\u0103 cu privire la orice fapt rezultat \u00een urm\u0103 utiliz\u0103rii informa\u021biilor existente pe acest site. <\/p>\n\n\n\n<p>URSUS BREWERIES NU VA FI \u00ceN NICI O SITUA\u0162IE RESPONSABIL FA\u0162\u0102 DE NICIO PERSOAN\u0102 PENTRU ORICE DAUNE DIRECTE, INDIRECTE SAU ALTE TIPURI DE DAUNE REZULTANTE DIN ACCESAREA ACESTUI WEB-SITE, C\u0102 DE EXEMPLU, DAR F\u0102R\u0102 A SE LIMITA LA, ORICE PIERDERI DE PROFIT, \u00ceNTRERUPEREA AFACERILOR SAU PIERDERE DE DATE, CHIAR DAC\u0102 PERSOAN\u0102 NU ESTE AVERTIZAT\u0102 \u00ceN MOD EXPRES ASUPRA POSIBILIT\u0102\u0162II UNOR ASTFEL DE DAUNE.<\/p>\n\n\n\n<p><strong>Proprietatea intelectual\u0103<\/strong><\/p>\n\n\n\n<p>Materialele con\u021binute \u0219i drepturile de proprietate intelectual\u0103 aferente publicate pe acest web-site d apar\u021b\u00een sau se afl\u0103 sunt licen\u021b\u0103 societ\u0103\u021bii Ursus Breweries S.A. sau altei societ\u0103\u021bi din grupul Asahi Europe &amp; International \u0219i sunt protejate de lege. Folosirea textelor \u0219i a informa\u021biilor de pe acest web-site (de ex. Comunicate de pres\u0103, baze de date \u0219i altele) este permis\u0103 \u00een urm\u0103toarele condi\u021bii cumulative:<\/p>\n\n\n\n<p>1. Documentele, materialele sau informa\u021biile nu vor fi modificate;<\/p>\n\n\n\n<p>2. Vor fi folosite doar pentru uzul personal, necomercial; \u0219i<\/p>\n\n\n\n<p>3. Orice copie a acestor documente, materiale sau informa\u021bii sau orice parte a acestora trebuie s\u0103 includ\u0103 \u00een\u0219tiin\u021barea de copyright.<\/p>\n\n\n\n<p>Folosirea informa\u021biilor, documentelor sau materialelor este interzis\u0103 \u00een afar\u0103 cazurilor men\u021bionate mai sus. Orice \u00eenc\u0103lcare a acestor prevederi, atrage r\u0103spunderea potrivit legii. Utilizarea textelor \u0219i a datelor \u00een condi\u021biile de mai sus, nu permite folosirea designului \u0219i a layout-ului sau a imaginilor publicate pe web-site sau pe un web-site care apar\u021bine grupului Asahi Europe &amp; International. Elemente singulare aflate pe aceste web-site-uri sunt protejate de dreptul de autor (i.e. copyright). C\u0103 atare, acestea vor putea fi copiate sau imitate exclusiv \u00een condi\u021biile men\u021bionate la punctele la 1-3 de mai sus. Acesta prevederi sunt aplicabile, f\u0103r\u0103 \u00eens\u0103 a se limita la,\u00a0 m\u0103rci, logo-uri, grafic\u0103, imagini \u0219i culori folosite pe acest website.<\/p>\n\n\n\n<p>Autoriza\u021bia de a copia \u00een limitele men\u021bionate mai sus nu permite includerea materialului, documentului sau informa\u021biei sau a oric\u0103rei p\u0103r\u021bi din acesta \u00een orice alt\u0103 lucrare sau public\u0103\u021bie, fie pe format h\u00e2rtie, format electronic ori de alt\u0103 natur\u0103. \u00cen special (dar f\u0103r\u0103 limitare) nici o parte a acestui we-site nu poate fi distribuit\u0103 sau copiat\u0103 pentru un scop comercial.<\/p>\n\n\n\n<p>Nimic din ceea ce este con\u021binut \u00een acest web-site nu poate fi sub\u00een\u021beles c\u0103 oferind utilizatorului, implicit sau \u00een vreun alt fel, o licen\u021b\u0103 de folosire,marca de \u00eenregistrare,drept de autor sau alte drepturi de proprietate intelectual\u0103, acestea apar\u021b\u00een\u00e2nd proprietarului acestui web-site.<\/p>\n\n\n\n<p>Nici o parte din acest web-site nu poate fi reprodus\u0103, retransmis\u0103 ori stocat\u0103 pe un alt web-site sau printr-un alt sistem electronic de \u00eenregistrare.<\/p>\n\n\n\n<p><strong>Imagini provenind de la ter\u021bi<\/strong><\/p>\n\n\n\n<p>Acest web-site con\u021bine imagini, \u00een special sub form\u0103 unor fotografii, care se afl\u0103 \u00een proprietatea unor ter\u021bi. Folosirea acestora \u00een scop comercial, f\u0103r\u0103 acceptul proprietarului de drept, este interzis\u0103 \u00een mod expres.<\/p>\n\n\n\n<p><strong>M\u0103rci, denumiri, logo-uri<\/strong><\/p>\n\n\n\n<p>Toate denumirile de produse \u0219i alte denumiri aflate pe acest web-site, sunt m\u0103rci \u00eenregistrate ale unor companii apar\u021b\u00een\u00e2nd grupului Asahi Europe &amp; International indiferent dac\u0103 sunt marcate sau nu cu simbolul \u00ae, \u2122 sau \u00a9. Folosirea acestora este interzis\u0103 ter\u021bilor.<\/p>\n\n\n\n<p><strong>Folosirea Informa\u021biilor<\/strong><\/p>\n\n\n\n<p>Comunica\u021biile de la utilizatori (altele dec\u00e2t datele cu caracter personal) sunt tratate c\u0103 neconfidentiale, iar proprietarul acestui web-site poate utiliza informa\u021biile \u00een orice scopuri, incluz\u00e2nd reproducerea \u0219i publicarea, precum \u0219i utilizarea ideilor \u00een orice scopuri, inclusiv comerciale. Astfel, \u00een cazul \u00een care cei care acceseaz\u0103 documentele produse de proprietarul acestui web-site intervin cu \u00eentreb\u0103ri, comentarii, sugestii sau alte informa\u021bii de acest tip, \u00een leg\u0103tur\u0103 cu con\u021binutul unui material, aceste informa\u021bii vor fi considerate drept non-confiden\u021biale iar proprietarul acestui site nu va avea nici un fel de obliga\u021bie legat\u0103 de asemenea informa\u021bii, av\u00e2nd libertatea de a reproduce, utiliza, public\u0103 \u0219i distribui informa\u021biile respective f\u0103r\u0103 nici o restric\u021bie. Proprietarul acestui site va avea libertatea de a utiliza, \u00een orice scop, ideile, conceptele, know-how-ul \u0219i tehnicile men\u021bionate \u00een aceste informa\u021bii.<\/p>\n\n\n\n<p><strong>Jurisdic\u0163ie<\/strong><\/p>\n\n\n\n<p>Ursus Breweries nu ofer\u0103 nicio garan\u021bie c\u0103 materialele de pe website sunt corecte pentru a fi utilizate \u00een afar\u0103 teritoriului Rom\u00e2niei. Dac\u0103 se utilizeaz\u0103 acest website dintr-o loca\u0163ie din afar\u0103 Rom\u00e2niei, utilizatorul este singurul responsabil pentru respectarea oric\u0103ror legi locale aplicabile. Nu se pot utiliza sau transfer\u0103 materialele de pe webite prin \u00eenc\u0103lcarea legisla\u0163iei \u015fi reglement\u0103rilor privind transferul datelor aplicabile \u00een Rom\u00e2nia. Orice reclama\u0163ie privind website-ul sau utilizarea acestuia este guvernat\u0103 de legile din Rom\u00e2nia \u015fi jurisdic\u0163ia \u015fi legea aplicabil\u0103 \u00een orice ac\u0163iune legal\u0103 generat\u0103 direct sau indirect din sau \u00een leg\u0103tur\u0103 cu acest website va apar\u0163ine instan\u0163elor judec\u0103tore\u015fti rom\u00e2ne situate \u00een Bucure\u0219ti, Rom\u00e2nia.<\/p>\n\n\n\n<p><strong>Modificarea Website-ului \u015fi termenilor s\u0103i<\/strong><\/p>\n\n\n\n<p>Ursus Breweries are dreptul de a \u00eenceta func\u021bionarea website-ului \u00een \u00eentregime sau par\u0163ial \u00een orice moment, f\u0103r\u0103&nbsp; notificare. De asemenea, Ursus Breweries \u00ee\u015fi rezerv\u0103 dreptul de a modific\u0103 termenii, condi\u0163iile privind utilizarea acestui website \u00een orice moment actualiz\u00e2nd prezen\u021bele condi\u021bii, iar utilizarea website-ului dup\u0103 aceste modific\u0103ri implic\u0103 consim\u0163\u0103m\u00e2ntul utilizatorilor fa\u0163\u0103 de termenii modifica\u0163i.<\/p>\n","protected":false},"excerpt":{"rendered":"<p>GENERALE DE UTILIZARE A ACESTUI WEBSITE Bine a\u021bi venit pe website-ul oficial al Ursus Breweries, subsidiar\u0103 a Asahi Europe &amp; International. Acest website este proprietatea Ursus Breweries S.A, companie \u00eenregistrat\u0103 \u00een Rom\u00e2nia (num\u0103r de \u00eenregistrare la Registrul Comer\u021bului J40\/20456\/2005), cu sediul social \u00een Bucure\u0219ti, \u0218oseaua Pipera, 43, sector 2. Con\u021binutul publicat al acestui website este &hellip; <\/p>\n<p class=\"link-more\"><a href=\"https:\/\/ursus-breweries.ro\/en\/termeni-si-conditii\/\" class=\"more-link\">Continue reading<span class=\"screen-reader-text\"> &#8220;Termeni \u0219i condi\u021bii&#8221;<\/span><\/a><\/p>\n","protected":false},"author":1,"featured_media":0,"parent":0,"menu_order":0,"comment_status":"closed","ping_status":"closed","template":"","meta":[],"yoast_head":"<!-- This site is optimized with the Yoast SEO plugin v16.7 - https:\/\/yoast.com\/wordpress\/plugins\/seo\/ -->\n<title>Termeni \u0219i condi\u021bii - Ursus Breweries<\/title>\n<meta name=\"robots\" content=\"index, follow, max-snippet:-1, max-image-preview:large, max-video-preview:-1\" \/>\n<link rel=\"canonical\" href=\"https:\/\/ursus-breweries.ro\/en\/termeni-si-conditii\/\" \/>\n<meta property=\"og:locale\" content=\"en_US\" \/>\n<meta property=\"og:type\" content=\"article\" \/>\n<meta property=\"og:title\" content=\"Termeni \u0219i condi\u021bii - Ursus Breweries\" \/>\n<meta property=\"og:description\" content=\"GENERALE DE UTILIZARE A ACESTUI WEBSITE Bine a\u021bi venit pe website-ul oficial al Ursus Breweries, subsidiar\u0103 a Asahi Europe &amp; International. Acest website este proprietatea Ursus Breweries S.A, companie \u00eenregistrat\u0103 \u00een Rom\u00e2nia (num\u0103r de \u00eenregistrare la Registrul Comer\u021bului J40\/20456\/2005), cu sediul social \u00een Bucure\u0219ti, \u0218oseaua Pipera, 43, sector 2. Con\u021binutul publicat al acestui website este &hellip; Continue reading &quot;Termeni \u0219i condi\u021bii&quot;\" \/>\n<meta property=\"og:url\" content=\"https:\/\/ursus-breweries.ro\/en\/termeni-si-conditii\/\" \/>\n<meta property=\"og:site_name\" content=\"Ursus Breweries\" \/>\n<meta property=\"article:modified_time\" content=\"2020-11-11T14:08:13+00:00\" \/>\n<meta name=\"twitter:card\" content=\"summary_large_image\" \/>\n<meta name=\"twitter:label1\" content=\"Est. reading time\" \/>\n\t<meta name=\"twitter:data1\" content=\"7 minutes\" \/>\n<script type=\"application\/ld+json\" class=\"yoast-schema-graph\">{\"@context\":\"https:\/\/schema.org\",\"@graph\":[{\"@type\":\"WebSite\",\"@id\":\"https:\/\/ursus-breweries.ro\/#website\",\"url\":\"https:\/\/ursus-breweries.ro\/\",\"name\":\"Ursus Breweries\",\"description\":\"Ursus Breweries\",\"potentialAction\":[{\"@type\":\"SearchAction\",\"target\":{\"@type\":\"EntryPoint\",\"urlTemplate\":\"https:\/\/ursus-breweries.ro\/?s={search_term_string}\"},\"query-input\":\"required name=search_term_string\"}],\"inLanguage\":\"en-US\"},{\"@type\":\"WebPage\",\"@id\":\"https:\/\/ursus-breweries.ro\/en\/termeni-si-conditii\/#webpage\",\"url\":\"https:\/\/ursus-breweries.ro\/en\/termeni-si-conditii\/\",\"name\":\"Termeni \\u0219i condi\\u021bii - Ursus Breweries\",\"isPartOf\":{\"@id\":\"https:\/\/ursus-breweries.ro\/#website\"},\"datePublished\":\"2020-02-04T08:35:52+00:00\",\"dateModified\":\"2020-11-11T14:08:13+00:00\",\"breadcrumb\":{\"@id\":\"https:\/\/ursus-breweries.ro\/en\/termeni-si-conditii\/#breadcrumb\"},\"inLanguage\":\"en-US\",\"potentialAction\":[{\"@type\":\"ReadAction\",\"target\":[\"https:\/\/ursus-breweries.ro\/en\/termeni-si-conditii\/\"]}]},{\"@type\":\"BreadcrumbList\",\"@id\":\"https:\/\/ursus-breweries.ro\/en\/termeni-si-conditii\/#breadcrumb\",\"itemListElement\":[{\"@type\":\"ListItem\",\"position\":1,\"name\":\"Home\",\"item\":\"https:\/\/ursus-breweries.ro\/en\/\"},{\"@type\":\"ListItem\",\"position\":2,\"name\":\"Termeni \\u0219i condi\\u021bii\"}]}]}<\/script>\n<!-- \/ Yoast SEO plugin. -->","yoast_head_json":{"title":"Termeni \u0219i condi\u021bii - Ursus Breweries","robots":{"index":"index","follow":"follow","max-snippet":"max-snippet:-1","max-image-preview":"max-image-preview:large","max-video-preview":"max-video-preview:-1"},"canonical":"https:\/\/ursus-breweries.ro\/en\/termeni-si-conditii\/","og_locale":"en_US","og_type":"article","og_title":"Termeni \u0219i condi\u021bii - Ursus Breweries","og_description":"GENERALE DE UTILIZARE A ACESTUI WEBSITE Bine a\u021bi venit pe website-ul oficial al Ursus Breweries, subsidiar\u0103 a Asahi Europe &amp; International. Acest website este proprietatea Ursus Breweries S.A, companie \u00eenregistrat\u0103 \u00een Rom\u00e2nia (num\u0103r de \u00eenregistrare la Registrul Comer\u021bului J40\/20456\/2005), cu sediul social \u00een Bucure\u0219ti, \u0218oseaua Pipera, 43, sector 2. Con\u021binutul publicat al acestui website este &hellip; Continue reading \"Termeni \u0219i condi\u021bii\"","og_url":"https:\/\/ursus-breweries.ro\/en\/termeni-si-conditii\/","og_site_name":"Ursus Breweries","article_modified_time":"2020-11-11T14:08:13+00:00","twitter_card":"summary_large_image","twitter_misc":{"Est. reading time":"7 minutes"},"schema":{"@context":"https:\/\/schema.org","@graph":[{"@type":"WebSite","@id":"https:\/\/ursus-breweries.ro\/#website","url":"https:\/\/ursus-breweries.ro\/","name":"Ursus Breweries","description":"Ursus Breweries","potentialAction":[{"@type":"SearchAction","target":{"@type":"EntryPoint","urlTemplate":"https:\/\/ursus-breweries.ro\/?s={search_term_string}"},"query-input":"required name=search_term_string"}],"inLanguage":"en-US"},{"@type":"WebPage","@id":"https:\/\/ursus-breweries.ro\/en\/termeni-si-conditii\/#webpage","url":"https:\/\/ursus-breweries.ro\/en\/termeni-si-conditii\/","name":"Termeni \u0219i condi\u021bii - Ursus Breweries","isPartOf":{"@id":"https:\/\/ursus-breweries.ro\/#website"},"datePublished":"2020-02-04T08:35:52+00:00","dateModified":"2020-11-11T14:08:13+00:00","breadcrumb":{"@id":"https:\/\/ursus-breweries.ro\/en\/termeni-si-conditii\/#breadcrumb"},"inLanguage":"en-US","potentialAction":[{"@type":"ReadAction","target":["https:\/\/ursus-breweries.ro\/en\/termeni-si-conditii\/"]}]},{"@type":"BreadcrumbList","@id":"https:\/\/ursus-breweries.ro\/en\/termeni-si-conditii\/#breadcrumb","itemListElement":[{"@type":"ListItem","position":1,"name":"Home","item":"https:\/\/ursus-breweries.ro\/en\/"},{"@type":"ListItem","position":2,"name":"Termeni \u0219i condi\u021bii"}]}]}},"_links":{"self":[{"href":"https:\/\/ursus-breweries.ro\/en\/wp-json\/wp\/v2\/pages\/1022"}],"collection":[{"href":"https:\/\/ursus-breweries.ro\/en\/wp-json\/wp\/v2\/pages"}],"about":[{"href":"https:\/\/ursus-breweries.ro\/en\/wp-json\/wp\/v2\/types\/page"}],"author":[{"embeddable":true,"href":"https:\/\/ursus-breweries.ro\/en\/wp-json\/wp\/v2\/users\/1"}],"replies":[{"embeddable":true,"href":"https:\/\/ursus-breweries.ro\/en\/wp-json\/wp\/v2\/comments?post=1022"}],"version-history":[{"count":7,"href":"https:\/\/ursus-breweries.ro\/en\/wp-json\/wp\/v2\/pages\/1022\/revisions"}],"predecessor-version":[{"id":3737,"href":"https:\/\/ursus-breweries.ro\/en\/wp-json\/wp\/v2\/pages\/1022\/revisions\/3737"}],"wp:attachment":[{"href":"https:\/\/ursus-breweries.ro\/en\/wp-json\/wp\/v2\/media?parent=1022"}],"curies":[{"name":"wp","href":"https:\/\/api.w.org\/{rel}","templated":true}]}}